{"id":8,"date":"2020-01-31T11:25:02","date_gmt":"2020-01-31T11:25:02","guid":{"rendered":"https:\/\/knetkur.ch\/?page_id=8"},"modified":"2025-12-27T19:30:56","modified_gmt":"2025-12-27T19:30:56","slug":"steckbrief","status":"publish","type":"page","link":"https:\/\/knetkur.ch\/de\/steckbrief\/","title":{"rendered":"Steckbrief"},"content":{"rendered":"","protected":false},"excerpt":{"rendered":"","protected":false},"author":1,"featured_media":0,"parent":0,"menu_order":0,"comment_status":"closed","ping_status":"closed","template":"","meta":[],"class_list":["post-8","page","type-page","status-publish","hentry"],"grid":"{\r\n  \"colCount\": 12,\r\n  \"colGutter\": 1,\r\n  \"rowGutters\": [\r\n    5,\r\n    20\r\n  ],\r\n  \"frameMargin\": 0,\r\n  \"topFrameMargin\": 0,\r\n  \"bottomFrameMargin\": 40,\r\n  \"rowAttrs\": [\r\n    {\r\n      \"row100vh\": true\r\n    },\r\n    {},\r\n    {}\r\n  ],\r\n  \"bgColor\": null,\r\n  \"cont\": [\r\n    {\r\n      \"type\": \"img\",\r\n      \"cont\": \"\/wp-content\/uploads\/2025\/08\/Steckbrief2025.png\",\r\n      \"align\": \"top\",\r\n      \"row\": 0,\r\n      \"col\": 0,\r\n      \"colspan\": 12,\r\n      \"offsetx\": 0,\r\n      \"offsety\": 0,\r\n      \"spaceabove\": 0,\r\n      \"spacebelow\": 0,\r\n      \"yvel\": 1,\r\n      \"push\": 0,\r\n      \"relid\": 81,\r\n      \"attid\": 752,\r\n      \"sizes\": {\r\n        \"full\": \"\/wp-content\/uploads\/2025\/08\/Steckbrief2025.png\",\r\n        \"_3200\": \"\/wp-content\/uploads\/2025\/08\/Steckbrief2025-3200x2398.png\"\r\n      },\r\n      \"w\": 3573,\r\n      \"h\": 2678,\r\n      \"ar\": 0.7495102155051777,\r\n      \"alt\": \"\",\r\n      \"frameOverflow\": \"\",\r\n      \"classes\": \"fixed-bg\"\r\n    },\r\n    {\r\n      \"type\": \"text\",\r\n      \"cont\": \"<h1 class=\\\"_Titel\\\">Steckbrief<\/h1><h1 class=\\\"_Untertitel\\\">\u00fcber mich<\/h1><h1 class=\\\"_Untertitel\\\" style=\\\"text-align: left;\\\">Tamara Grosso\u00a0<\/h1><p>*1981<\/p><h1 class=\\\"_Ueberschrift\\\">Lieblingsmuskel<\/h1><p>\u00abMusculus psoas major\u00bb grosser Lendenmuskel, auch \u00abSeelenmuskel\u00bb genannt<\/p><h1 class=\\\"_Ueberschrift\\\">Lieblingsmassagegriffe<\/h1><p>W\u00e4rmende Griffe aus der Klassischen Massage<br \/>Lemniskaten aus der Rhythmischen Massage Therapie<\/p><h1 class=\\\"_Ueberschrift\\\">Ich wollte<\/h1><p>ein Handwerk lernen welches ich immer und \u00fcberall dabei haben kann<\/p><h1 class=\\\"_Ueberschrift\\\">Sprachen<\/h1><p>Deutsch, Z\u00fcrit\u00fc\u00fctsch, Italiano, Fran\u00e7ais, English<\/p><h1 class=\\\"_Ueberschrift\\\">Mitgliedschaften<\/h1><p>vdms - Verband der Medizinischen Massage Schweiz<br \/>vrms - Verband Rhythmische Massage Schweiz (Sekret\u00e4rin)<\/p>\",\r\n      \"align\": \"top\",\r\n      \"row\": 1,\r\n      \"col\": 0,\r\n      \"colspan\": 12,\r\n      \"offsetx\": 0,\r\n      \"offsety\": 0,\r\n      \"spaceabove\": 0,\r\n      \"spacebelow\": 0,\r\n      \"yvel\": 1,\r\n      \"push\": 0,\r\n      \"relid\": 4,\r\n      \"classes\": \"beschrieb\"\r\n    },\r\n    {\r\n      \"type\": \"text\",\r\n      \"cont\": \"<h1 class=\\\"_Untertitel\\\" style=\\\"text-align: left;\\\">Ausbildung<\/h1><h1 class=\\\"_Ueberschrift\\\">Komplement\u00e4rTherapeutin Branchenzertifikat OdA KT <br \/>Rhythmische Massage Therapie<\/h1><p>2022-2025 Anthroposophische Akademie f\u00fcr Kunst und Therapie atka Z\u00fcrich<\/p><h1 class=\\\"_Ueberschrift\\\">Medizinische Masseurin eidg. Fachausweis<\/h1><p>2015-2019 Swiss Pr\u00e4vensana Akademie Bern <br \/>Bethesda Spital Basel, Physiotherapie<br \/>Humanushaus Beitenwil, \u00abMassagen&amp;B\u00e4der\u00bb<\/p><h1 class=\\\"_Ueberschrift\\\">Fachfrau Betreuung eidg. F\u00e4higkeitszeugnis<\/h1><p>2007-2009 kind und bildung Z\u00fcrich<br \/>Kinder- und Jugendtreff Arche Z\u00fcrich<\/p><h1 class=\\\"_Ueberschrift\\\">heute<\/h1><p>Seit 2019 Selbstst\u00e4ndige Medizinische Masseurin EFA in der Praxis \u00abknetkur\u00bb<\/p><h1 class=\\\"_Ueberschrift\\\">fr\u00fcher<\/h1><p>2020-2024 Medizinische Masseurin EFA<br \/>Teilzeitanstellung Med. Masseurin EFA Berner Reha Zentrum Heiligenschwendi Inselgruppe. Muskoloskelettale, Kardiovaskul\u00e4re, Pulmonale, Geriatrische, Internistische und Onkologische Rehabilitation<br \/><br \/>2001-2020 Fachfrau Betreuung EFZ \u00fcber alle Altersstufen<br \/>Schulerg\u00e4nzende Kinderbetreuung<br \/>Tagesschule -Kinderhort <br \/>Kinder- und Jugendtreff <br \/>Sozialtherapie <br \/>Alterswohngruppe f\u00fcr Menschen mit Behinderung<br \/>Sozialp\u00e4dagogische Grossfamilie<br \/><br \/>2001-2020 Diverse T\u00e4tigkeiten oberhalb 2000 m \u00fc.M.<br \/>Reception - Menage - Service - M\u00e4dchen f\u00fcr alles<br \/>Buvette auf den Skipisten<br \/>SAC H\u00fctte<br \/>Berghotel<br \/>Schweizer Jugendherbergen<\/p><p><a href=\\\"https:\/\/knetkur.ch\/wp-content\/uploads\/2022\/03\/Portra\u0308t_Grosso_P_41.pdf\\\">Berufsportr\u00e4t f\u00fcr die Berufsberatung<\/a> <br \/>2021 Erscheinung im Heft<br \/>\\\"Chancen\\\" Weiterbildung und Laufbahn<br \/>Gesundheit: Medizinische Technik und Therapie<\/p><h1 class=\\\"_Untertitel\\\" style=\\\"text-align: left;\\\">Weiterbildung<\/h1><h1 class=\\\"_Ueberschrift\\\">2024 -2025<\/h1><p>6. Schweizer Lymphsymposium - \u00d6dem trifft Adipositas <br \/>Das Herz in der Fasziopathie<br \/>Fasziopathie des Ellbogens<\/p><h1 class=\\\"_Ueberschrift\\\">2020-2023<\/h1><p>BLS-AED-SRC Basic provider - Erste Hilfe Kurs Refresher <br \/>Traumatologie 1 - Begleitung der Wundheilung<br \/>Traumatologie 2 - Fasziale Narbenbehandlung<br \/>4. Schweizer Lymphsymposium - Das Lymph\u00f6dem im Interdisziplin\u00e4ren Kontext<br \/>3. Schweizer Lymphsymposium - Das sekund\u00e4re Lymph\u00f6dem im Mittelpunkt<br \/>Physiotaping Grundkurs<br \/>Progressive Muskelentspannung nach Jacobsen<br \/>Myofascial Release - Grundkurs<br \/>Craniosacral Therapie - Grundkurs<br \/>Rhythmische Massage nach Dr. Ita Wegman - Grundkurs<br \/>Hot Stone - Grundkurs<\/p>\",\r\n      \"align\": \"top\",\r\n      \"row\": 2,\r\n      \"col\": 0,\r\n      \"colspan\": 12,\r\n      \"offsetx\": 0,\r\n      \"offsety\": 0,\r\n      \"spaceabove\": 0,\r\n      \"spacebelow\": 0,\r\n      \"yvel\": 1,\r\n      \"push\": 0,\r\n      \"relid\": 5,\r\n      \"classes\": \"beschrieb\"\r\n    }\r\n  ]\r\n}","phonegrid":"{\r\n  \"colCount\": 12,\r\n  \"colGutter\": 1,\r\n  \"rowGutters\": [\r\n    5,\r\n    5\r\n  ],\r\n  \"frameMargin\": 0,\r\n  \"topFrameMargin\": 5,\r\n  \"bottomFrameMargin\": 30,\r\n  \"rowAttrs\": [\r\n    {\r\n      \"row100vh\": true\r\n    },\r\n    {},\r\n    {}\r\n  ],\r\n  \"bgColor\": null,\r\n  \"cont\": [\r\n    {\r\n      \"type\": \"img\",\r\n      \"cont\": \"\/wp-content\/uploads\/2025\/08\/Steckbrief2025.png\",\r\n      \"align\": \"top\",\r\n      \"row\": 0,\r\n      \"col\": 0,\r\n      \"colspan\": 12,\r\n      \"offsetx\": 0,\r\n      \"offsety\": 0,\r\n      \"spaceabove\": 0,\r\n      \"spacebelow\": 0,\r\n      \"yvel\": 1,\r\n      \"push\": 0,\r\n      \"relid\": 81,\r\n      \"attid\": 752,\r\n      \"sizes\": {\r\n        \"full\": \"\/wp-content\/uploads\/2025\/08\/Steckbrief2025.png\",\r\n        \"_3200\": \"\/wp-content\/uploads\/2025\/08\/Steckbrief2025-3200x2398.png\"\r\n      },\r\n      \"w\": 3573,\r\n      \"h\": 2678,\r\n      \"ar\": 0.7495102155051777,\r\n      \"alt\": \"\",\r\n      \"frameOverflow\": \"\",\r\n      \"classes\": \"fixed-bg\"\r\n    },\r\n    {\r\n      \"type\": \"text\",\r\n      \"cont\": \"<h1 class=\\\"_Titel\\\">Steckbrief<\/h1><h1 class=\\\"_Untertitel\\\">\u00fcber mich<\/h1><h1 class=\\\"_Untertitel\\\" style=\\\"text-align: left;\\\">Tamara Grosso\u00a0<\/h1><p>*1981<\/p><h1 class=\\\"_Ueberschrift\\\">Lieblingsmuskel<\/h1><p>\u00abMusculus psoas major\u00bb grosser Lendenmuskel, auch \u00abSeelenmuskel\u00bb genannt<\/p><h1 class=\\\"_Ueberschrift\\\">Lieblingsmassagegriffe<\/h1><p>W\u00e4rmende Griffe aus der Klassischen Massage<br \/>Lemniskaten aus der Rhythmischen Massage Therapie<\/p><h1 class=\\\"_Ueberschrift\\\">Ich wollte<\/h1><p>ein Handwerk lernen welches ich immer und \u00fcberall dabei haben kann<\/p><h1 class=\\\"_Ueberschrift\\\">Sprachen<\/h1><p>Deutsch, Z\u00fcrit\u00fc\u00fctsch, Italiano, Fran\u00e7ais, English<\/p><h1 class=\\\"_Ueberschrift\\\">Mitgliedschaften<\/h1><p>vdms - Verband der Medizinischen Massage Schweiz<br \/>vrms - Verband Rhythmische Massage Schweiz (Sekret\u00e4rin)<\/p>\",\r\n      \"align\": \"top\",\r\n      \"row\": 1,\r\n      \"col\": 0,\r\n      \"colspan\": 12,\r\n      \"offsetx\": 0,\r\n      \"offsety\": 0,\r\n      \"spaceabove\": 0,\r\n      \"spacebelow\": 0,\r\n      \"yvel\": 1,\r\n      \"push\": 0,\r\n      \"relid\": 4,\r\n      \"frameOverflow\": \"\",\r\n      \"classes\": \"beschrieb\"\r\n    },\r\n    {\r\n      \"type\": \"text\",\r\n      \"cont\": \"<h1 class=\\\"_Untertitel\\\" style=\\\"text-align: left;\\\">Ausbildung<\/h1><h1 class=\\\"_Ueberschrift\\\">Komplement\u00e4rTherapeutin Branchenzertifikat OdA KT <br \/>Rhythmische Massage Therapie<\/h1><p>2022-2025 Anthroposophische Akademie f\u00fcr Kunst und Therapie atka Z\u00fcrich<\/p><h1 class=\\\"_Ueberschrift\\\">Medizinische Masseurin eidg. Fachausweis<\/h1><p>2015-2019 Swiss Pr\u00e4vensana Akademie Bern <br \/>Bethesda Spital Basel, Physiotherapie<br \/>Humanushaus Beitenwil, \u00abMassagen&amp;B\u00e4der\u00bb<\/p><h1 class=\\\"_Ueberschrift\\\">Fachfrau Betreuung eidg. F\u00e4higkeitszeugnis<\/h1><p>2007-2009 kind und bildung Z\u00fcrich<br \/>Kinder- und Jugendtreff Arche Z\u00fcrich<\/p><h1 class=\\\"_Ueberschrift\\\">heute<\/h1><p>Seit 2019 Selbstst\u00e4ndige Medizinische Masseurin EFA in der Praxis \u00abknetkur\u00bb<\/p><h1 class=\\\"_Ueberschrift\\\">fr\u00fcher<\/h1><p>2020-2024 Medizinische Masseurin EFA<br \/>Teilzeitanstellung Med. Masseurin EFA Berner Reha Zentrum Heiligenschwendi Inselgruppe. Muskoloskelettale, Kardiovaskul\u00e4re, Pulmonale, Geriatrische, Internistische und Onkologische Rehabilitation<br \/><br \/>2001-2020 Fachfrau Betreuung EFZ \u00fcber alle Altersstufen<br \/>Schulerg\u00e4nzende Kinderbetreuung<br \/>Tagesschule -Kinderhort <br \/>Kinder- und Jugendtreff <br \/>Sozialtherapie <br \/>Alterswohngruppe f\u00fcr Menschen mit Behinderung<br \/>Sozialp\u00e4dagogische Grossfamilie<br \/><br \/>2001-2020 Diverse T\u00e4tigkeiten oberhalb 2000 m \u00fc.M.<br \/>Reception - Menage - Service - M\u00e4dchen f\u00fcr alles<br \/>Buvette auf den Skipisten<br \/>SAC H\u00fctte<br \/>Berghotel<br \/>Schweizer Jugendherbergen<\/p><p><a href=\\\"https:\/\/knetkur.ch\/wp-content\/uploads\/2022\/03\/Portra\u0308t_Grosso_P_41.pdf\\\">Berufsportr\u00e4t f\u00fcr die Berufsberatung<\/a> <br \/>2021 Erscheinung im Heft<br \/>\\\"Chancen\\\" Weiterbildung und Laufbahn<br \/>Gesundheit: Medizinische Technik und Therapie<\/p><h1 class=\\\"_Untertitel\\\" style=\\\"text-align: left;\\\">Weiterbildung<\/h1><h1 class=\\\"_Ueberschrift\\\">2024 -2025<\/h1><p>6. Schweizer Lymphsymposium - \u00d6dem trifft Adipositas <br \/>Das Herz in der Fasziopathie<br \/>Fasziopathie des Ellbogens<\/p><h1 class=\\\"_Ueberschrift\\\">2020-2023<\/h1><p>BLS-AED-SRC Basic provider - Erste Hilfe Kurs Refresher <br \/>Traumatologie 1 - Begleitung der Wundheilung<br \/>Traumatologie 2 - Fasziale Narbenbehandlung<br \/>4. Schweizer Lymphsymposium - Das Lymph\u00f6dem im Interdisziplin\u00e4ren Kontext<br \/>3. Schweizer Lymphsymposium - Das sekund\u00e4re Lymph\u00f6dem im Mittelpunkt<br \/>Physiotaping Grundkurs<br \/>Progressive Muskelentspannung nach Jacobsen<br \/>Myofascial Release - Grundkurs<br \/>Craniosacral Therapie - Grundkurs<br \/>Rhythmische Massage nach Dr. Ita Wegman - Grundkurs<br \/>Hot Stone - Grundkurs<\/p>\",\r\n      \"align\": \"top\",\r\n      \"row\": 2,\r\n      \"col\": 0,\r\n      \"colspan\": 12,\r\n      \"offsetx\": 0,\r\n      \"offsety\": 0,\r\n      \"spaceabove\": 0,\r\n      \"spacebelow\": 0,\r\n      \"yvel\": 1,\r\n      \"push\": 0,\r\n      \"relid\": 5,\r\n      \"frameOverflow\": \"\",\r\n      \"classes\": \"beschrieb\"\r\n    }\r\n  ]\r\n}","_links":{"self":[{"href":"https:\/\/knetkur.ch\/de\/wp-json\/wp\/v2\/pages\/8","targetHints":{"allow":["GET"]}}],"collection":[{"href":"https:\/\/knetkur.ch\/de\/wp-json\/wp\/v2\/pages"}],"about":[{"href":"https:\/\/knetkur.ch\/de\/wp-json\/wp\/v2\/types\/page"}],"author":[{"embeddable":true,"href":"https:\/\/knetkur.ch\/de\/wp-json\/wp\/v2\/users\/1"}],"replies":[{"embeddable":true,"href":"https:\/\/knetkur.ch\/de\/wp-json\/wp\/v2\/comments?post=8"}],"version-history":[{"count":0,"href":"https:\/\/knetkur.ch\/de\/wp-json\/wp\/v2\/pages\/8\/revisions"}],"wp:attachment":[{"href":"https:\/\/knetkur.ch\/de\/wp-json\/wp\/v2\/media?parent=8"}],"curies":[{"name":"wp","href":"https:\/\/api.w.org\/{rel}","templated":true}]}}