{"id":268,"date":"2021-02-11T12:31:46","date_gmt":"2020-01-31T11:23:53","guid":{"rendered":"https:\/\/knetkur.ch\/behandlungen-2\/"},"modified":"2025-09-05T21:09:39","modified_gmt":"2025-09-05T21:09:39","slug":"angebote-kinder-jugendliche","status":"publish","type":"page","link":"https:\/\/knetkur.ch\/de\/angebote-kinder-jugendliche\/","title":{"rendered":"Kinder + Jugendliche"},"content":{"rendered":"","protected":false},"excerpt":{"rendered":"","protected":false},"author":1,"featured_media":0,"parent":0,"menu_order":0,"comment_status":"closed","ping_status":"closed","template":"","meta":[],"class_list":["post-268","page","type-page","status-publish","hentry"],"grid":"{\r\n  \"colCount\": 12,\r\n  \"colGutter\": 1,\r\n  \"rowGutters\": [\r\n    5,\r\n    5,\r\n    5\r\n  ],\r\n  \"frameMargin\": 0,\r\n  \"topFrameMargin\": 0,\r\n  \"bottomFrameMargin\": 40,\r\n  \"rowAttrs\": [\r\n    {},\r\n    {\r\n      \"classes\": \"hands\"\r\n    },\r\n    {\r\n      \"classes\": \"beschrieb\"\r\n    },\r\n    {}\r\n  ],\r\n  \"bgColor\": null,\r\n  \"cont\": [\r\n    {\r\n      \"type\": \"img\",\r\n      \"cont\": \"\/wp-content\/uploads\/2021\/02\/mensch-junggg-1.png\",\r\n      \"align\": \"top\",\r\n      \"row\": 0,\r\n      \"col\": 0,\r\n      \"colspan\": 12,\r\n      \"offsetx\": 0,\r\n      \"offsety\": 0,\r\n      \"spaceabove\": 0,\r\n      \"spacebelow\": 0,\r\n      \"yvel\": 1,\r\n      \"push\": 0,\r\n      \"relid\": 89,\r\n      \"attid\": 284,\r\n      \"sizes\": {\r\n        \"full\": \"\/wp-content\/uploads\/2021\/02\/mensch-junggg-1.png\",\r\n        \"_1920\": \"\/wp-content\/uploads\/2021\/02\/mensch-junggg-1-1920x1440.png\",\r\n        \"_1280\": \"\/wp-content\/uploads\/2021\/02\/mensch-junggg-1-1280x960.png\",\r\n        \"_1024\": \"\/wp-content\/uploads\/2021\/02\/mensch-junggg-1-1024x768.png\",\r\n        \"_768\": \"\/wp-content\/uploads\/2021\/02\/mensch-junggg-1-768x576.png\",\r\n        \"_512\": \"\/wp-content\/uploads\/2021\/02\/mensch-junggg-1-512x384.png\",\r\n        \"_265\": \"\/wp-content\/uploads\/2021\/02\/mensch-junggg-1-265x199.png\"\r\n      },\r\n      \"w\": 2382,\r\n      \"h\": 1786,\r\n      \"ar\": 0.7497900923593619,\r\n      \"alt\": \"\",\r\n      \"frameOverflow\": \"\",\r\n      \"classes\": \"fixed-bg\"\r\n    },\r\n    {\r\n      \"type\": \"img\",\r\n      \"cont\": \"\/wp-content\/uploads\/2020\/03\/Heimbehandlung-.png\",\r\n      \"align\": \"top\",\r\n      \"row\": 1,\r\n      \"col\": 0,\r\n      \"colspan\": 12,\r\n      \"offsetx\": 0,\r\n      \"offsety\": 0,\r\n      \"spaceabove\": 0,\r\n      \"spacebelow\": 0,\r\n      \"yvel\": 1,\r\n      \"push\": 0,\r\n      \"relid\": 65,\r\n      \"attid\": 220,\r\n      \"sizes\": {\r\n        \"full\": \"\/wp-content\/uploads\/2020\/03\/Heimbehandlung-.png\",\r\n        \"_1920\": \"\/wp-content\/uploads\/2020\/03\/Heimbehandlung--1920x408.png\",\r\n        \"_1280\": \"\/wp-content\/uploads\/2020\/03\/Heimbehandlung--1280x272.png\",\r\n        \"_1024\": \"\/wp-content\/uploads\/2020\/03\/Heimbehandlung--1024x217.png\",\r\n        \"_768\": \"\/wp-content\/uploads\/2020\/03\/Heimbehandlung--768x163.png\",\r\n        \"_512\": \"\/wp-content\/uploads\/2020\/03\/Heimbehandlung--512x109.png\",\r\n        \"_265\": \"\/wp-content\/uploads\/2020\/03\/Heimbehandlung--265x56.png\"\r\n      },\r\n      \"w\": 2383,\r\n      \"h\": 506,\r\n      \"ar\": 0.21233738984473352,\r\n      \"alt\": \"Heimbehandlung, medizinische Massage\",\r\n      \"frameOverflow\": \"\"\r\n    },\r\n    {\r\n      \"type\": \"text\",\r\n      \"cont\": \"<h1><img src=\\\"https:\/\/knetkur.ch\/wp-content\/uploads\/2025\/02\/20241231SEV1359.jpg\\\" alt=\\\"\\\" \/><\/h1><h1 class=\\\"_Titel\\\">F\u00fcr Kinder und Jugendliche<\/h1><p>Der eigene K\u00f6rper ist die kleinste Basis, auf der man sich wohlf\u00fchlen kann. <br \/>Es ist der allern\u00e4chste Ort, kleiner noch als das eigene Bett und das Zimmer und die Wohnung der Eltern \u2013 und dort muss man sicher sein k\u00f6nnen. <br \/><span style=\\\"font-size: 15px;\\\"><span style=\\\"font-size: 12px;\\\">(Truida de Raaf und Martin Niemeijer)<\/span><br \/><\/span><\/p><p>Massage als Entspannungsmethode im Kindes- und Jugendalter. <br \/>Massagen wirken sich positiv auf die Sinneswahrnehmung von Kindern und Jugendlichen aus. Sie f\u00f6rdern ein positives K\u00f6rpergef\u00fchl und Wohlbefinden, l\u00f6sen Anspannungen auf und bauen Stress ab. Die St\u00e4rkung des Selbstvertrauens wird gef\u00f6rdert.<br \/><br \/>Als Fachfrau Betreuung EFZ (Kinder&amp;Jugendliche) verf\u00fcge ich \u00fcber Erfahrungen in der Begleitung von Kindern und Jugendlichen in unterschiedlichen Lebenssituationen. Ich war in allen Altersgruppen und in verschiedenen Betreuungsinstitutionen t\u00e4tig. In der ersten Sitzung ist ein Elternteil oder sind beide dabei. Danach wird gemeinsam besprochen, wie es weitergeht.<\/p><h1 class=\\\"_Ueberschrift\\\">unterst\u00fctzend bei<\/h1><ul><li><p class=\\\"_Default\\\">L\u00f6sen von psychischen und\/oder k\u00f6rperlichen Blockaden<\/p><\/li><li><p class=\\\"_Default\\\">der Verbesserung des allgemeinen k\u00f6rperlichen Wohlbefindens<\/p><\/li><li><p class=\\\"_Default\\\">Konzentrationsschwierigkeiten<\/p><\/li><\/ul>\",\r\n      \"align\": \"top\",\r\n      \"row\": 2,\r\n      \"col\": 0,\r\n      \"colspan\": 12,\r\n      \"offsetx\": 0,\r\n      \"offsety\": 0,\r\n      \"spaceabove\": 0,\r\n      \"spacebelow\": 0,\r\n      \"yvel\": 1,\r\n      \"push\": 0,\r\n      \"relid\": 4\r\n    }\r\n  ]\r\n}","phonegrid":"{\r\n  \"colCount\": 12,\r\n  \"colGutter\": 1,\r\n  \"rowGutters\": [\r\n    5,\r\n    5,\r\n    5,\r\n    5,\r\n    5,\r\n    5,\r\n    5,\r\n    5,\r\n    5,\r\n    5,\r\n    5,\r\n    5,\r\n    5,\r\n    5,\r\n    5,\r\n    5,\r\n    5,\r\n    5,\r\n    5,\r\n    5\r\n  ],\r\n  \"frameMargin\": 0,\r\n  \"topFrameMargin\": 5,\r\n  \"bottomFrameMargin\": 30,\r\n  \"rowAttrs\": [\r\n    {},\r\n    {\r\n      \"classes\": \"hands\"\r\n    },\r\n    {\r\n      \"classes\": \"beschrieb\"\r\n    },\r\n    {\r\n      \"classes\": \"hands\"\r\n    },\r\n    {\r\n      \"classes\": \"beschrieb\"\r\n    },\r\n    {\r\n      \"classes\": \"hands\"\r\n    },\r\n    {\r\n      \"classes\": \"beschrieb\"\r\n    },\r\n    {\r\n      \"classes\": \"hands\"\r\n    },\r\n    {\r\n      \"classes\": \"beschrieb\"\r\n    },\r\n    {\r\n      \"classes\": \"hands\"\r\n    },\r\n    {\r\n      \"classes\": \"beschrieb\"\r\n    },\r\n    {\r\n      \"classes\": \"hands\"\r\n    },\r\n    {\r\n      \"classes\": \"beschrieb\"\r\n    },\r\n    {\r\n      \"classes\": \"hands\"\r\n    },\r\n    {\r\n      \"classes\": \"beschrieb\"\r\n    },\r\n    {\r\n      \"classes\": \"hands\"\r\n    },\r\n    {\r\n      \"classes\": \"beschrieb\"\r\n    },\r\n    {\r\n      \"classes\": \"hands\"\r\n    },\r\n    {\r\n      \"classes\": \"beschrieb\"\r\n    },\r\n    {\r\n      \"classes\": \"hands\"\r\n    },\r\n    {}\r\n  ],\r\n  \"bgColor\": null,\r\n  \"cont\": [\r\n    {\r\n      \"type\": \"img\",\r\n      \"cont\": \"\/wp-content\/uploads\/2021\/02\/mensch-junggg-1.png\",\r\n      \"align\": \"top\",\r\n      \"row\": 0,\r\n      \"col\": 0,\r\n      \"colspan\": 12,\r\n      \"offsetx\": 0,\r\n      \"offsety\": 0,\r\n      \"spaceabove\": 0,\r\n      \"spacebelow\": 0,\r\n      \"yvel\": 1,\r\n      \"push\": 0,\r\n      \"relid\": 89,\r\n      \"attid\": 284,\r\n      \"sizes\": {\r\n        \"full\": \"\/wp-content\/uploads\/2021\/02\/mensch-junggg-1.png\",\r\n        \"_1920\": \"\/wp-content\/uploads\/2021\/02\/mensch-junggg-1-1920x1440.png\",\r\n        \"_1280\": \"\/wp-content\/uploads\/2021\/02\/mensch-junggg-1-1280x960.png\",\r\n        \"_1024\": \"\/wp-content\/uploads\/2021\/02\/mensch-junggg-1-1024x768.png\",\r\n        \"_768\": \"\/wp-content\/uploads\/2021\/02\/mensch-junggg-1-768x576.png\",\r\n        \"_512\": \"\/wp-content\/uploads\/2021\/02\/mensch-junggg-1-512x384.png\",\r\n        \"_265\": \"\/wp-content\/uploads\/2021\/02\/mensch-junggg-1-265x199.png\"\r\n      },\r\n      \"w\": 2382,\r\n      \"h\": 1786,\r\n      \"ar\": 0.7497900923593619,\r\n      \"alt\": \"\",\r\n      \"frameOverflow\": \"\",\r\n      \"classes\": \"fixed-bg\"\r\n    },\r\n    {\r\n      \"type\": \"img\",\r\n      \"cont\": \"\/wp-content\/uploads\/2020\/03\/Heimbehandlung-.png\",\r\n      \"align\": \"top\",\r\n      \"row\": 1,\r\n      \"col\": 0,\r\n      \"colspan\": 12,\r\n      \"offsetx\": 0,\r\n      \"offsety\": 0,\r\n      \"spaceabove\": 0,\r\n      \"spacebelow\": 0,\r\n      \"yvel\": 1,\r\n      \"push\": 0,\r\n      \"relid\": 65,\r\n      \"attid\": 220,\r\n      \"sizes\": {\r\n        \"full\": \"\/wp-content\/uploads\/2020\/03\/Heimbehandlung-.png\",\r\n        \"_1920\": \"\/wp-content\/uploads\/2020\/03\/Heimbehandlung--1920x408.png\",\r\n        \"_1280\": \"\/wp-content\/uploads\/2020\/03\/Heimbehandlung--1280x272.png\",\r\n        \"_1024\": \"\/wp-content\/uploads\/2020\/03\/Heimbehandlung--1024x217.png\",\r\n        \"_768\": \"\/wp-content\/uploads\/2020\/03\/Heimbehandlung--768x163.png\",\r\n        \"_512\": \"\/wp-content\/uploads\/2020\/03\/Heimbehandlung--512x109.png\",\r\n        \"_265\": \"\/wp-content\/uploads\/2020\/03\/Heimbehandlung--265x56.png\"\r\n      },\r\n      \"w\": 2383,\r\n      \"h\": 506,\r\n      \"ar\": 0.21233738984473352,\r\n      \"alt\": \"Heimbehandlung, medizinische Massage\",\r\n      \"frameOverflow\": \"\"\r\n    },\r\n    {\r\n      \"type\": \"text\",\r\n      \"cont\": \"<h1><img src=\\\"https:\/\/knetkur.ch\/wp-content\/uploads\/2025\/02\/20241231SEV1359.jpg\\\" alt=\\\"\\\" \/><\/h1><h1 class=\\\"_Titel\\\">F\u00fcr Kinder und Jugendliche<\/h1><p>Der eigene K\u00f6rper ist die kleinste Basis, auf der man sich wohlf\u00fchlen kann. <br \/>Es ist der allern\u00e4chste Ort, kleiner noch als das eigene Bett und das Zimmer und die Wohnung der Eltern \u2013 und dort muss man sicher sein k\u00f6nnen. <br \/><span style=\\\"font-size: 15px;\\\"><span style=\\\"font-size: 12px;\\\">(Truida de Raaf und Martin Niemeijer)<\/span><br \/><\/span><\/p><p>Massage als Entspannungsmethode im Kindes- und Jugendalter. <br \/>Massagen wirken sich positiv auf die Sinneswahrnehmung von Kindern und Jugendlichen aus. Sie f\u00f6rdern ein positives K\u00f6rpergef\u00fchl und Wohlbefinden, l\u00f6sen Anspannungen auf und bauen Stress ab. Die St\u00e4rkung des Selbstvertrauens wird gef\u00f6rdert.<br \/><br \/>Als Fachfrau Betreuung EFZ (Kinder&amp;Jugendliche) verf\u00fcge ich \u00fcber Erfahrungen in der Begleitung von Kindern und Jugendlichen in unterschiedlichen Lebenssituationen. Ich war in allen Altersgruppen und in verschiedenen Betreuungsinstitutionen t\u00e4tig. In der ersten Sitzung ist ein Elternteil oder sind beide dabei. Danach wird gemeinsam besprochen, wie es weitergeht.<\/p><h1 class=\\\"_Ueberschrift\\\">unterst\u00fctzend bei<\/h1><ul><li><p class=\\\"_Default\\\">L\u00f6sen von psychischen und\/oder k\u00f6rperlichen Blockaden<\/p><\/li><li><p class=\\\"_Default\\\">der Verbesserung des allgemeinen k\u00f6rperlichen Wohlbefindens<\/p><\/li><li><p class=\\\"_Default\\\">Konzentrationsschwierigkeiten<\/p><\/li><\/ul>\",\r\n      \"align\": \"top\",\r\n      \"row\": 2,\r\n      \"col\": 0,\r\n      \"colspan\": 12,\r\n      \"offsetx\": 0,\r\n      \"offsety\": 0,\r\n      \"spaceabove\": 0,\r\n      \"spacebelow\": 0,\r\n      \"yvel\": 1,\r\n      \"push\": 0,\r\n      \"relid\": 4,\r\n      \"frameOverflow\": \"\"\r\n    }\r\n  ]\r\n}","_links":{"self":[{"href":"https:\/\/knetkur.ch\/de\/wp-json\/wp\/v2\/pages\/268","targetHints":{"allow":["GET"]}}],"collection":[{"href":"https:\/\/knetkur.ch\/de\/wp-json\/wp\/v2\/pages"}],"about":[{"href":"https:\/\/knetkur.ch\/de\/wp-json\/wp\/v2\/types\/page"}],"author":[{"embeddable":true,"href":"https:\/\/knetkur.ch\/de\/wp-json\/wp\/v2\/users\/1"}],"replies":[{"embeddable":true,"href":"https:\/\/knetkur.ch\/de\/wp-json\/wp\/v2\/comments?post=268"}],"version-history":[{"count":0,"href":"https:\/\/knetkur.ch\/de\/wp-json\/wp\/v2\/pages\/268\/revisions"}],"wp:attachment":[{"href":"https:\/\/knetkur.ch\/de\/wp-json\/wp\/v2\/media?parent=268"}],"curies":[{"name":"wp","href":"https:\/\/api.w.org\/{rel}","templated":true}]}}