{"id":189,"date":"2020-02-26T09:50:33","date_gmt":"2020-02-26T09:50:33","guid":{"rendered":"https:\/\/knetkur.ch\/?page_id=189"},"modified":"2025-09-05T21:08:19","modified_gmt":"2025-09-05T21:08:19","slug":"impressum-datenschutz","status":"publish","type":"page","link":"https:\/\/knetkur.ch\/de\/impressum-datenschutz\/","title":{"rendered":"Impressum \/ Datenschutz \/ AGB"},"content":{"rendered":"","protected":false},"excerpt":{"rendered":"","protected":false},"author":1,"featured_media":0,"parent":0,"menu_order":0,"comment_status":"closed","ping_status":"closed","template":"","meta":[],"class_list":["post-189","page","type-page","status-publish","hentry"],"grid":"{\r\n  \"colCount\": 12,\r\n  \"colGutter\": 1,\r\n  \"rowGutters\": [\r\n    10,\r\n    5\r\n  ],\r\n  \"frameMargin\": 0,\r\n  \"topFrameMargin\": 5,\r\n  \"bottomFrameMargin\": 5,\r\n  \"rowAttrs\": [\r\n    {},\r\n    {},\r\n    {}\r\n  ],\r\n  \"bgColor\": null,\r\n  \"cont\": [\r\n    {\r\n      \"type\": \"text\",\r\n      \"cont\": \"<h1 class=\\\"_Titel\\\">Impressum<\/h1><p>\u00a0<\/p><h1 class=\\\"_Ueberschrift\\\">Kontakt-Adresse<\/h1><p>Medizinische Massage knetkur.ch<br \/>Tamara Grosso<br \/>Gurtenbrauerei 92\/West<br \/>3084 Wabern<br \/>Schweiz<br \/><a class=\\\"\\\" href=\\\"mailto:info@knetkur.ch\\\">E-Mail<\/a><\/p><h1 class=\\\"_Ueberschrift\\\">Vertretungsberechtigte Person(en)<\/h1><p class=\\\"_Default\\\">Textinhalte: Tamara Grosso<br \/>Quellen: <a href=\\\"http:\/\/www.emr.ch\\\">EMR<\/a>, <a href=\\\"http:\/\/www.vrms.ch\\\">vrms<\/a><br \/>Datenschutz: Tamara Grosso <br \/>Konzept, Gestaltung, Realisation, Programmierung: <a rel=\\\"noopener\\\" href=\\\"https:\/\/malaika-schuerch.ch\\\" target=\\\"_blank\\\">Mala\u00efka Sch\u00fcrch<\/a><br \/>Fotos: <a rel=\\\"noopener\\\" href=\\\"https:\/\/nowacki.ch\/\\\" target=\\\"_blank\\\" data-id=\\\"0\\\">Severin Nowacki<\/a><br \/>\u00dcbersetzung Deutsch-Italienisch: Michela Biafora, Tamara Grosso<\/p><h1 class=\\\"_Ueberschrift\\\">Die Seite nutzt ein Dienst dritter<\/h1><p class=\\\"_Default\\\">Online Buchungssystem &amp; Abrechnungssoftware<br \/><a href=\\\"http:\/\/healthadvisor.ch\/\\\">healthadvisor.ch<\/a> GmbH Simone D\u00f6belin\u00a0<br \/>Siehe dazu Datenschutzerkl\u00e4rung unter Online Buchung<\/p><h1 class=\\\"_Ueberschrift\\\">Haftungsausschluss<\/h1><p class=\\\"_Default\\\">Der Autor \u00fcbernimmt keinerlei Gew\u00e4hr hinsichtlich der inhaltlichen Richtigkeit, Genauigkeit, Aktualit\u00e4t, Zuverl\u00e4ssigkeit und Vollst\u00e4ndigkeit der Informationen.<br \/>Haftungsanspr\u00fcche gegen den Autor wegen Sch\u00e4den materieller oder immaterieller Art, welche aus dem Zugriff oder der Nutzung bzw. Nichtnutzung der ver\u00f6ffentlichten Informationen, durch Missbrauch der Verbindung oder durch technische St\u00f6rungen entstanden sind, werden ausgeschlossen.<br \/>Alle Angebote sind unverbindlich. Der Autor beh\u00e4lt es sich ausdr\u00fccklich vor, Teile der Seiten oder das gesamte Angebot ohne besondere Ank\u00fcndigung zu ver\u00e4ndern, zu erg\u00e4nzen, zu l\u00f6schen oder die Ver\u00f6ffentlichung zeitweise oder endg\u00fcltig einzustellen.<\/p><h1 class=\\\"_Ueberschrift\\\">Haftungsausschluss f\u00fcr Links<\/h1><p class=\\\"\\\">Verweise und Links auf Webseiten Dritter liegen ausserhalb unseres Verantwortungsbereichs. Es wird jegliche Verantwortung f\u00fcr solche Webseiten abgelehnt. Der Zugriff und die Nutzung solcher Webseiten erfolgen auf eigene Gefahr des jeweiligen Nutzers.<\/p><h1 class=\\\"_Ueberschrift\\\">Urheberrechte<\/h1><p class=\\\"\\\">Die Urheber- und alle anderen Rechte an Inhalten, Bildern, Fotos oder anderen Dateien auf dieser Website, geh\u00f6ren ausschliesslich\u00a0Tamara Grosso\u00a0oder den speziell genannten Rechteinhabern. F\u00fcr die Reproduktion jeglicher Elemente ist die schriftliche Zustimmung des Urheberrechtstr\u00e4gers im Voraus einzuholen.<\/p><div class=\\\"\\\">\u00a0<span class=\\\"\\\">Quelle:\u00a0<\/span><a class=\\\"\\\" rel=\\\"noopener\\\" href=\\\"https:\/\/www.swissanwalt.ch\/\\\" target=\\\"_blank\\\" data-id=\\\"0\\\">SwissAnwalt<\/a><\/div><div><h1 class=\\\"_Titel\\\">AGB<\/h1><\/div><div>Bitte 24h vorher abmelden via Mail <a class=\\\"\\\" href=\\\"mailto:info@knetkur.ch\\\" data-id=\\\"0\\\">e-Mail<\/a>, WhatsApp, SMS oder Telefonisch +41 76 247 81 94. Andernfalls wird die Sitzung zum vollen Tarif verrechnet. Der R\u00fcckforderungsbeleg f\u00fcr die Krankankasse wird als <br \/>\\\"verpasste Konsultation\\\" ausgestellt und privat in Rechnung gestellt.<\/div>\",\r\n      \"align\": \"top\",\r\n      \"row\": 0,\r\n      \"col\": 0,\r\n      \"colspan\": 12,\r\n      \"offsetx\": 0,\r\n      \"offsety\": 0,\r\n      \"spaceabove\": 0,\r\n      \"spacebelow\": 0,\r\n      \"yvel\": 1,\r\n      \"push\": 0,\r\n      \"relid\": 4\r\n    },\r\n    {\r\n      \"type\": \"text\",\r\n      \"cont\": \"<h1 class=\\\"_Titel\\\">Datenschutz<\/h1><p>\u00a0<\/p><p class=\\\"_Default\\\">Verantwortliche Stelle im Sinne der Datenschutzgesetze, insbesondere der EU-Datenschutzgrundverordnung (DSGVO), ist:<\/p><p class=\\\"_Default\\\">Medizinische Massage knetkur.ch<br \/>Tamara Grosso<br \/>Gurtenbrauerei 92<br \/>3084 Wabern <br \/>Telefon: 076 247 81 94<br \/><a rel=\\\"noopener\\\" href=\\\"mailto:info@knetkur.ch\\\" target=\\\"_blank\\\">E-Mail<\/a><br \/>WebSite: <a href=\\\"https:\/\/knetkur.ch\\\">www.knetkur.ch<\/a><a href=\\\"https:\/\/www.privacybee.ch\/v\/cljvcblv10468204cwmf50qw7?lang=de\\\"><\/a><\/p><p>Neues Datenschutzgesetz per 1.9.2023<\/p><p><a href=\\\"https:\/\/knetkur.ch\/online-buchen\/\\\" data-type=\\\"page\\\" data-id=\\\"16\\\" data-title=\\\"online buchen\\\">Datenschutzerkl\u00e4rung Online-Buchung 2023 <br \/><\/a>(im Fenster ganz nach unten scrollen dann rechts unten klicken)<\/p><p><a href=\\\"https:\/\/www.privacybee.ch\/v\/clnkkt04n003fza1yye95jzuw?lang=de\\\">Datenschutzerkl\u00e4rung knetkur.ch aktualisiert August 2025<\/a><\/p>\",\r\n      \"align\": \"top\",\r\n      \"row\": 1,\r\n      \"col\": 0,\r\n      \"colspan\": 12,\r\n      \"offsetx\": 0,\r\n      \"offsety\": 0,\r\n      \"spaceabove\": 0,\r\n      \"spacebelow\": 0,\r\n      \"yvel\": 1,\r\n      \"push\": 0,\r\n      \"relid\": 5\r\n    }\r\n  ]\r\n}","phonegrid":"{\r\n  \"colCount\": 12,\r\n  \"colGutter\": 1,\r\n  \"rowGutters\": [\r\n    30\r\n  ],\r\n  \"frameMargin\": 0,\r\n  \"topFrameMargin\": 5,\r\n  \"bottomFrameMargin\": 30,\r\n  \"rowAttrs\": [\r\n    {},\r\n    {}\r\n  ],\r\n  \"bgColor\": null,\r\n  \"cont\": [\r\n    {\r\n      \"type\": \"text\",\r\n      \"cont\": \"<h1 class=\\\"_Titel\\\">Impressum<\/h1><p>\u00a0<\/p><h1 class=\\\"_Ueberschrift\\\">Kontakt-Adresse<\/h1><p>Medizinische Massage knetkur.ch<br \/>Tamara Grosso<br \/>Gurtenbrauerei 92\/West<br \/>3084 Wabern<br \/>Schweiz<br \/><a class=\\\"\\\" href=\\\"mailto:info@knetkur.ch\\\">E-Mail<\/a><\/p><h1 class=\\\"_Ueberschrift\\\">Vertretungsberechtigte Person(en)<\/h1><p class=\\\"_Default\\\">Textinhalte: Tamara Grosso<br \/>Quellen: <a href=\\\"http:\/\/www.emr.ch\\\">EMR<\/a>, <a href=\\\"http:\/\/www.vrms.ch\\\">vrms<\/a><br \/>Datenschutz: Tamara Grosso <br \/>Konzept, Gestaltung, Realisation, Programmierung: <a rel=\\\"noopener\\\" href=\\\"https:\/\/malaika-schuerch.ch\\\" target=\\\"_blank\\\">Mala\u00efka Sch\u00fcrch<\/a><br \/>Fotos: <a rel=\\\"noopener\\\" href=\\\"https:\/\/nowacki.ch\/\\\" target=\\\"_blank\\\" data-id=\\\"0\\\">Severin Nowacki<\/a><br \/>\u00dcbersetzung Deutsch-Italienisch: Michela Biafora, Tamara Grosso<\/p><h1 class=\\\"_Ueberschrift\\\">Die Seite nutzt ein Dienst dritter<\/h1><p class=\\\"_Default\\\">Online Buchungssystem &amp; Abrechnungssoftware<br \/><a href=\\\"http:\/\/healthadvisor.ch\/\\\">healthadvisor.ch<\/a> GmbH Simone D\u00f6belin\u00a0<br \/>Siehe dazu Datenschutzerkl\u00e4rung unter Online Buchung<\/p><h1 class=\\\"_Ueberschrift\\\">Haftungsausschluss<\/h1><p class=\\\"_Default\\\">Der Autor \u00fcbernimmt keinerlei Gew\u00e4hr hinsichtlich der inhaltlichen Richtigkeit, Genauigkeit, Aktualit\u00e4t, Zuverl\u00e4ssigkeit und Vollst\u00e4ndigkeit der Informationen.<br \/>Haftungsanspr\u00fcche gegen den Autor wegen Sch\u00e4den materieller oder immaterieller Art, welche aus dem Zugriff oder der Nutzung bzw. Nichtnutzung der ver\u00f6ffentlichten Informationen, durch Missbrauch der Verbindung oder durch technische St\u00f6rungen entstanden sind, werden ausgeschlossen.<br \/>Alle Angebote sind unverbindlich. Der Autor beh\u00e4lt es sich ausdr\u00fccklich vor, Teile der Seiten oder das gesamte Angebot ohne besondere Ank\u00fcndigung zu ver\u00e4ndern, zu erg\u00e4nzen, zu l\u00f6schen oder die Ver\u00f6ffentlichung zeitweise oder endg\u00fcltig einzustellen.<\/p><h1 class=\\\"_Ueberschrift\\\">Haftungsausschluss f\u00fcr Links<\/h1><p class=\\\"\\\">Verweise und Links auf Webseiten Dritter liegen ausserhalb unseres Verantwortungsbereichs. Es wird jegliche Verantwortung f\u00fcr solche Webseiten abgelehnt. Der Zugriff und die Nutzung solcher Webseiten erfolgen auf eigene Gefahr des jeweiligen Nutzers.<\/p><h1 class=\\\"_Ueberschrift\\\">Urheberrechte<\/h1><p class=\\\"\\\">Die Urheber- und alle anderen Rechte an Inhalten, Bildern, Fotos oder anderen Dateien auf dieser Website, geh\u00f6ren ausschliesslich\u00a0Tamara Grosso\u00a0oder den speziell genannten Rechteinhabern. F\u00fcr die Reproduktion jeglicher Elemente ist die schriftliche Zustimmung des Urheberrechtstr\u00e4gers im Voraus einzuholen.<\/p><div class=\\\"\\\">\u00a0<span class=\\\"\\\">Quelle:\u00a0<\/span><a class=\\\"\\\" rel=\\\"noopener\\\" href=\\\"https:\/\/www.swissanwalt.ch\/\\\" target=\\\"_blank\\\" data-id=\\\"0\\\">SwissAnwalt<\/a><\/div><div><h1 class=\\\"_Titel\\\">AGB<\/h1><\/div><div>Bitte 24h vorher abmelden via Mail <a class=\\\"\\\" href=\\\"mailto:info@knetkur.ch\\\" data-id=\\\"0\\\">e-Mail<\/a>, WhatsApp, SMS oder Telefonisch +41 76 247 81 94. Andernfalls wird die Sitzung zum vollen Tarif verrechnet. Der R\u00fcckforderungsbeleg f\u00fcr die Krankankasse wird als <br \/>\\\"verpasste Konsultation\\\" ausgestellt und privat in Rechnung gestellt.<\/div>\",\r\n      \"align\": \"top\",\r\n      \"row\": 0,\r\n      \"col\": 0,\r\n      \"colspan\": 12,\r\n      \"offsetx\": 0,\r\n      \"offsety\": 0,\r\n      \"spaceabove\": 0,\r\n      \"spacebelow\": 0,\r\n      \"yvel\": 1,\r\n      \"push\": 0,\r\n      \"relid\": 4,\r\n      \"frameOverflow\": \"\"\r\n    },\r\n    {\r\n      \"type\": \"text\",\r\n      \"cont\": \"<h1 class=\\\"_Titel\\\">Datenschutz<\/h1><p>\u00a0<\/p><p class=\\\"_Default\\\">Verantwortliche Stelle im Sinne der Datenschutzgesetze, insbesondere der EU-Datenschutzgrundverordnung (DSGVO), ist:<\/p><p class=\\\"_Default\\\">Medizinische Massage knetkur.ch<br \/>Tamara Grosso<br \/>Gurtenbrauerei 92<br \/>3084 Wabern <br \/>Telefon: 076 247 81 94<br \/><a rel=\\\"noopener\\\" href=\\\"mailto:info@knetkur.ch\\\" target=\\\"_blank\\\">E-Mail<\/a><br \/>WebSite: <a href=\\\"https:\/\/knetkur.ch\\\">www.knetkur.ch<\/a><a href=\\\"https:\/\/www.privacybee.ch\/v\/cljvcblv10468204cwmf50qw7?lang=de\\\"><\/a><\/p><p>Neues Datenschutzgesetz per 1.9.2023<\/p><p><a href=\\\"https:\/\/knetkur.ch\/online-buchen\/\\\" data-type=\\\"page\\\" data-id=\\\"16\\\" data-title=\\\"online buchen\\\">Datenschutzerkl\u00e4rung Online-Buchung 2023 <br \/><\/a>(im Fenster ganz nach unten scrollen dann rechts unten klicken)<\/p><p><a href=\\\"https:\/\/www.privacybee.ch\/v\/clnkkt04n003fza1yye95jzuw?lang=de\\\">Datenschutzerkl\u00e4rung knetkur.ch aktualisiert August 2025<\/a><\/p>\",\r\n      \"align\": \"middle\",\r\n      \"row\": 1,\r\n      \"col\": 0,\r\n      \"colspan\": 12,\r\n      \"offsetx\": 0,\r\n      \"offsety\": 0,\r\n      \"spaceabove\": 0,\r\n      \"spacebelow\": 0,\r\n      \"yvel\": 1,\r\n      \"push\": 0,\r\n      \"relid\": 5,\r\n      \"frameOverflow\": \"\"\r\n    }\r\n  ]\r\n}","_links":{"self":[{"href":"https:\/\/knetkur.ch\/de\/wp-json\/wp\/v2\/pages\/189","targetHints":{"allow":["GET"]}}],"collection":[{"href":"https:\/\/knetkur.ch\/de\/wp-json\/wp\/v2\/pages"}],"about":[{"href":"https:\/\/knetkur.ch\/de\/wp-json\/wp\/v2\/types\/page"}],"author":[{"embeddable":true,"href":"https:\/\/knetkur.ch\/de\/wp-json\/wp\/v2\/users\/1"}],"replies":[{"embeddable":true,"href":"https:\/\/knetkur.ch\/de\/wp-json\/wp\/v2\/comments?post=189"}],"version-history":[{"count":0,"href":"https:\/\/knetkur.ch\/de\/wp-json\/wp\/v2\/pages\/189\/revisions"}],"wp:attachment":[{"href":"https:\/\/knetkur.ch\/de\/wp-json\/wp\/v2\/media?parent=189"}],"curies":[{"name":"wp","href":"https:\/\/api.w.org\/{rel}","templated":true}]}}