{"id":10,"date":"2020-01-31T11:25:58","date_gmt":"2020-01-31T11:25:58","guid":{"rendered":"https:\/\/knetkur.ch\/?page_id=10"},"modified":"2023-02-19T17:51:53","modified_gmt":"2023-02-19T17:51:53","slug":"nachhaltigkeit","status":"publish","type":"page","link":"https:\/\/knetkur.ch\/de\/nachhaltigkeit\/","title":{"rendered":"Nachhaltigkeit"},"content":{"rendered":"","protected":false},"excerpt":{"rendered":"","protected":false},"author":1,"featured_media":0,"parent":0,"menu_order":0,"comment_status":"closed","ping_status":"closed","template":"","meta":[],"class_list":["post-10","page","type-page","status-publish","hentry"],"grid":"{\r\n  \"colCount\": 12,\r\n  \"colGutter\": 1,\r\n  \"rowGutters\": [\r\n    5,\r\n    5,\r\n    20\r\n  ],\r\n  \"frameMargin\": 0,\r\n  \"topFrameMargin\": 0,\r\n  \"bottomFrameMargin\": 40,\r\n  \"rowAttrs\": [\r\n    {},\r\n    {\r\n      \"classes\": \"hands\"\r\n    },\r\n    {\r\n      \"classes\": \"beschrieb\"\r\n    },\r\n    {}\r\n  ],\r\n  \"bgColor\": null,\r\n  \"cont\": [\r\n    {\r\n      \"type\": \"img\",\r\n      \"cont\": \"\/wp-content\/uploads\/2020\/02\/mensch.png\",\r\n      \"align\": \"middle\",\r\n      \"row\": 0,\r\n      \"col\": 0,\r\n      \"colspan\": 12,\r\n      \"offsetx\": 0,\r\n      \"offsety\": 0,\r\n      \"spaceabove\": 0,\r\n      \"spacebelow\": 0,\r\n      \"yvel\": 1,\r\n      \"push\": 0,\r\n      \"relid\": 195,\r\n      \"attid\": 184,\r\n      \"sizes\": {\r\n        \"full\": \"\/wp-content\/uploads\/2020\/02\/mensch.png\",\r\n        \"_1920\": \"\/wp-content\/uploads\/2020\/02\/mensch-1920x1439.png\",\r\n        \"_1280\": \"\/wp-content\/uploads\/2020\/02\/mensch-1280x959.png\",\r\n        \"_1024\": \"\/wp-content\/uploads\/2020\/02\/mensch-1024x767.png\",\r\n        \"_768\": \"\/wp-content\/uploads\/2020\/02\/mensch-768x576.png\",\r\n        \"_512\": \"\/wp-content\/uploads\/2020\/02\/mensch-512x384.png\",\r\n        \"_265\": \"\/wp-content\/uploads\/2020\/02\/mensch-265x199.png\"\r\n      },\r\n      \"w\": 2382,\r\n      \"h\": 1785,\r\n      \"ar\": 0.7493702770780857,\r\n      \"alt\": \"\",\r\n      \"frameOverflow\": \"\",\r\n      \"classes\": \"fixed-bg\"\r\n    },\r\n    {\r\n      \"type\": \"img\",\r\n      \"cont\": \"\/wp-content\/uploads\/2020\/03\/Nachhaltigkeit_blaetter.png\",\r\n      \"align\": \"middle\",\r\n      \"row\": 1,\r\n      \"col\": 0,\r\n      \"colspan\": 12,\r\n      \"offsetx\": 0,\r\n      \"offsety\": 0,\r\n      \"spaceabove\": 0,\r\n      \"spacebelow\": 0,\r\n      \"yvel\": 1,\r\n      \"push\": 0,\r\n      \"relid\": 390,\r\n      \"attid\": 216,\r\n      \"sizes\": {\r\n        \"full\": \"\/wp-content\/uploads\/2020\/03\/Nachhaltigkeit_blaetter.png\",\r\n        \"_1920\": \"\/wp-content\/uploads\/2020\/03\/Nachhaltigkeit_blaetter-1920x798.png\",\r\n        \"_1280\": \"\/wp-content\/uploads\/2020\/03\/Nachhaltigkeit_blaetter-1280x532.png\",\r\n        \"_1024\": \"\/wp-content\/uploads\/2020\/03\/Nachhaltigkeit_blaetter-1024x426.png\",\r\n        \"_768\": \"\/wp-content\/uploads\/2020\/03\/Nachhaltigkeit_blaetter-768x319.png\",\r\n        \"_512\": \"\/wp-content\/uploads\/2020\/03\/Nachhaltigkeit_blaetter-512x213.png\",\r\n        \"_265\": \"\/wp-content\/uploads\/2020\/03\/Nachhaltigkeit_blaetter-265x110.png\"\r\n      },\r\n      \"w\": 2382,\r\n      \"h\": 990,\r\n      \"ar\": 0.4156171284634761,\r\n      \"alt\": \"\",\r\n      \"frameOverflow\": \"\"\r\n    },\r\n    {\r\n      \"type\": \"text\",\r\n      \"cont\": \"<h1 class=\\\"_Titel\\\">Nachhaltigkeit<\/h1><p>Ich interessiere mich f\u00fcr einen nachhaltigen Lebensstil und m\u00f6chte dies auch in meiner Praxis umsetzen. Deshalb versuche ich mit m\u00f6glichst wenig Verbrauchsmaterial auszukommen und ersetze Einwegmaterialien oft durch Textilien.<\/p><h1 class=\\\"_Ueberschrift\\\">Material<\/h1><p>Mein Material beziehe ich m\u00f6glichst regional. Ich verwende unter anderem \u00d6le von Wala und Weleda. Alle meine Drucksachen werden konsequent \u00f6kologisch bei <a href=\\\"https:\/\/www.drucknatuer.ch\\\" target=\\\"_blank\\\" rel=\\\"noopener\\\">Drucknat\u00fcr<\/a> hergestellt.<\/p>\",\r\n      \"align\": \"top\",\r\n      \"row\": 2,\r\n      \"col\": 0,\r\n      \"colspan\": 12,\r\n      \"offsetx\": 0,\r\n      \"offsety\": 0,\r\n      \"spaceabove\": 0,\r\n      \"spacebelow\": 0,\r\n      \"yvel\": 1,\r\n      \"push\": 0,\r\n      \"relid\": 4,\r\n      \"frameOverflow\": \"\"\r\n    },\r\n    {\r\n      \"type\": \"text\",\r\n      \"cont\": \"<h1 class=\\\"_Untertitel\\\" style=\\\"text-align: left;\\\">Inspirationen f\u00fcr einen nachhaltigen Lebensstil<\/h1><p><a rel=\\\"noopener\\\" href=\\\"https:\/\/bern-unverpackt.ch\\\" target=\\\"_blank\\\">Bern unverpackt <\/a><br \/><a rel=\\\"noopener\\\" href=\\\"http:\/\/chezmamie-biovrac.ch\/\\\" target=\\\"_blank\\\">Bei Mamie<\/a><br \/>unverpackt einkaufen<\/p><p><a href=\\\"https:\/\/www.wertundvoll.ch\/\\\">wertundvoll<\/a><br \/>gesunde, faire und plastikfreie Produkte wie Brotdosen, Lunchboxen, Flaschen und Zubeh\u00f6r<\/p><p><a rel=\\\"noopener\\\" href=\\\"https:\/\/www.atelierkartal.ch\\\" target=\\\"_blank\\\">Atelier Kartal<\/a><br \/>flickt alles was unter die N\u00e4hmaschine passt, <br \/>spezialisiert auf Goretex Kleidung<\/p><p><a rel=\\\"noopener\\\" href=\\\"https:\/\/ladyplanet.ch\\\" target=\\\"_blank\\\">Lady Planet <\/a><br \/>Ladycup und mehr<\/p><p><a rel=\\\"noopener\\\" href=\\\"http:\/\/www.creamy-stuff.ch\\\" target=\\\"_blank\\\">Creamy Stuff<\/a><br \/>Kosmetik ohne Verpackung<\/p><p><a rel=\\\"noopener\\\" href=\\\"https:\/\/www.offcut.ch\/\\\" target=\\\"_blank\\\">Offcut\u00a0<\/a><br \/>Die kreative Materialverwertung<\/p><p><a rel=\\\"noopener\\\" href=\\\"https:\/\/gemeinschaftsbank.ch\/finanzierte-projekte\\\" target=\\\"_blank\\\">Gemeinschaftsbank Basel<\/a><br \/>Die Bank will durch die Bankt\u00e4tigkeit, insbesondere durch Kreditvergaben, jene Menschen und Menschengruppen f\u00f6rdern, die einen positiven Beitrag f\u00fcr die Entwicklung von Mensch und Umwelt leisten oder leisten wollen.<br \/>Deshalb sind die Kredite mensch- und umweltf\u00f6rdernd, nachhaltig und \u00f6kologisch. Mehr Informationen dazu direkt \u00fcber die Webseite, siehe auch mein eigenes Projekt dazu.<\/p><p><a rel=\\\"noopener\\\" href=\\\"https:\/\/www.klinik-arlesheim.ch\/\\\" target=\\\"_blank\\\">Klinik Arlesheim<\/a><br \/>Nachhaltige Medizin<\/p><p><a href=\\\"https:\/\/lestoff.ch\/blog\\\">lestoff Hamamt\u00fccher<\/a><br \/>Ich verwende Bio-Hamamt\u00fccher von lestoff in meiner Praxis die brauchen wenig platz beim waschen und sind schnellt trocken<\/p><p><a href=\\\"https:\/\/www.schulthess.ch\/uber-uns\/nachhaltigkeit\/\\\">Schulthess Waschmaschinen<\/a><br \/>Knetkur Waschsalon auf dem Gurtenareal w\u00e4scht &amp; trocknet mit einem Waschturm von Schulthess gebaut in der Schweiz in meinem Heimatkanton ZH (Wolfhausen). <br \/>Hohe Qualit\u00e4t und Langlebigkeit garantiert.<\/p><p><a href=\\\"https:\/\/www.naturtuch.ch\/\\\">Naturtuch<\/a><br \/>Clevere Alternativen f\u00fcr weniger Abfall im Alltag.<\/p><p>\u00a0<\/p>\",\r\n      \"align\": \"middle\",\r\n      \"row\": 3,\r\n      \"col\": 0,\r\n      \"colspan\": 12,\r\n      \"offsetx\": 0,\r\n      \"offsety\": 0,\r\n      \"spaceabove\": 0,\r\n      \"spacebelow\": 0,\r\n      \"yvel\": 1,\r\n      \"push\": 0,\r\n      \"relid\": 5,\r\n      \"frameOverflow\": \"right\"\r\n    }\r\n  ]\r\n}","phonegrid":"{\r\n  \"colCount\": 12,\r\n  \"colGutter\": 1,\r\n  \"rowGutters\": [\r\n    5,\r\n    5,\r\n    10\r\n  ],\r\n  \"frameMargin\": 0,\r\n  \"topFrameMargin\": 5,\r\n  \"bottomFrameMargin\": 30,\r\n  \"rowAttrs\": [\r\n    {},\r\n    {\r\n      \"classes\": \"hands\"\r\n    },\r\n    {\r\n      \"classes\": \"beschrieb\"\r\n    },\r\n    {}\r\n  ],\r\n  \"bgColor\": null,\r\n  \"cont\": [\r\n    {\r\n      \"type\": \"img\",\r\n      \"cont\": \"\/wp-content\/uploads\/2020\/02\/mensch.png\",\r\n      \"align\": \"middle\",\r\n      \"row\": 0,\r\n      \"col\": 0,\r\n      \"colspan\": 12,\r\n      \"offsetx\": 0,\r\n      \"offsety\": 0,\r\n      \"spaceabove\": 0,\r\n      \"spacebelow\": 0,\r\n      \"yvel\": 1,\r\n      \"push\": 0,\r\n      \"relid\": 195,\r\n      \"attid\": 184,\r\n      \"sizes\": {\r\n        \"full\": \"\/wp-content\/uploads\/2020\/02\/mensch.png\",\r\n        \"_1920\": \"\/wp-content\/uploads\/2020\/02\/mensch-1920x1439.png\",\r\n        \"_1280\": \"\/wp-content\/uploads\/2020\/02\/mensch-1280x959.png\",\r\n        \"_1024\": \"\/wp-content\/uploads\/2020\/02\/mensch-1024x767.png\",\r\n        \"_768\": \"\/wp-content\/uploads\/2020\/02\/mensch-768x576.png\",\r\n        \"_512\": \"\/wp-content\/uploads\/2020\/02\/mensch-512x384.png\",\r\n        \"_265\": \"\/wp-content\/uploads\/2020\/02\/mensch-265x199.png\"\r\n      },\r\n      \"w\": 2382,\r\n      \"h\": 1785,\r\n      \"ar\": 0.7493702770780857,\r\n      \"alt\": \"\",\r\n      \"frameOverflow\": \"\",\r\n      \"classes\": \"fixed-bg\"\r\n    },\r\n    {\r\n      \"type\": \"img\",\r\n      \"cont\": \"\/wp-content\/uploads\/2020\/03\/Nachhaltigkeit_blaetter.png\",\r\n      \"align\": \"middle\",\r\n      \"row\": 1,\r\n      \"col\": 0,\r\n      \"colspan\": 12,\r\n      \"offsetx\": 0,\r\n      \"offsety\": 0,\r\n      \"spaceabove\": 0,\r\n      \"spacebelow\": 0,\r\n      \"yvel\": 1,\r\n      \"push\": 0,\r\n      \"relid\": 390,\r\n      \"attid\": 216,\r\n      \"sizes\": {\r\n        \"full\": \"\/wp-content\/uploads\/2020\/03\/Nachhaltigkeit_blaetter.png\",\r\n        \"_1920\": \"\/wp-content\/uploads\/2020\/03\/Nachhaltigkeit_blaetter-1920x798.png\",\r\n        \"_1280\": \"\/wp-content\/uploads\/2020\/03\/Nachhaltigkeit_blaetter-1280x532.png\",\r\n        \"_1024\": \"\/wp-content\/uploads\/2020\/03\/Nachhaltigkeit_blaetter-1024x426.png\",\r\n        \"_768\": \"\/wp-content\/uploads\/2020\/03\/Nachhaltigkeit_blaetter-768x319.png\",\r\n        \"_512\": \"\/wp-content\/uploads\/2020\/03\/Nachhaltigkeit_blaetter-512x213.png\",\r\n        \"_265\": \"\/wp-content\/uploads\/2020\/03\/Nachhaltigkeit_blaetter-265x110.png\"\r\n      },\r\n      \"w\": 2382,\r\n      \"h\": 990,\r\n      \"ar\": 0.4156171284634761,\r\n      \"alt\": \"\",\r\n      \"frameOverflow\": \"\"\r\n    },\r\n    {\r\n      \"type\": \"text\",\r\n      \"cont\": \"<h1 class=\\\"_Titel\\\">Nachhaltigkeit<\/h1><p>Ich interessiere mich f\u00fcr einen nachhaltigen Lebensstil und m\u00f6chte dies auch in meiner Praxis umsetzen. Deshalb versuche ich mit m\u00f6glichst wenig Verbrauchsmaterial auszukommen und ersetze Einwegmaterialien oft durch Textilien.<\/p><h1 class=\\\"_Ueberschrift\\\">Material<\/h1><p>Mein Material beziehe ich m\u00f6glichst regional. Ich verwende unter anderem \u00d6le von Wala und Weleda. Alle meine Drucksachen werden konsequent \u00f6kologisch bei <a href=\\\"https:\/\/www.drucknatuer.ch\\\" target=\\\"_blank\\\" rel=\\\"noopener\\\">Drucknat\u00fcr<\/a> hergestellt.<\/p>\",\r\n      \"align\": \"top\",\r\n      \"row\": 2,\r\n      \"col\": 0,\r\n      \"colspan\": 12,\r\n      \"offsetx\": 0,\r\n      \"offsety\": 0,\r\n      \"spaceabove\": 0,\r\n      \"spacebelow\": 0,\r\n      \"yvel\": 1,\r\n      \"push\": 0,\r\n      \"relid\": 4,\r\n      \"frameOverflow\": \"\"\r\n    },\r\n    {\r\n      \"type\": \"text\",\r\n      \"cont\": \"<h1 class=\\\"_Untertitel\\\" style=\\\"text-align: left;\\\">Inspirationen f\u00fcr einen nachhaltigen Lebensstil<\/h1><p><a rel=\\\"noopener\\\" href=\\\"https:\/\/bern-unverpackt.ch\\\" target=\\\"_blank\\\">Bern unverpackt <\/a><br \/><a rel=\\\"noopener\\\" href=\\\"http:\/\/chezmamie-biovrac.ch\/\\\" target=\\\"_blank\\\">Bei Mamie<\/a><br \/>unverpackt einkaufen<\/p><p><a href=\\\"https:\/\/www.wertundvoll.ch\/\\\">wertundvoll<\/a><br \/>gesunde, faire und plastikfreie Produkte wie Brotdosen, Lunchboxen, Flaschen und Zubeh\u00f6r<\/p><p><a rel=\\\"noopener\\\" href=\\\"https:\/\/www.atelierkartal.ch\\\" target=\\\"_blank\\\">Atelier Kartal<\/a><br \/>flickt alles was unter die N\u00e4hmaschine passt, <br \/>spezialisiert auf Goretex Kleidung<\/p><p><a rel=\\\"noopener\\\" href=\\\"https:\/\/ladyplanet.ch\\\" target=\\\"_blank\\\">Lady Planet <\/a><br \/>Ladycup und mehr<\/p><p><a rel=\\\"noopener\\\" href=\\\"http:\/\/www.creamy-stuff.ch\\\" target=\\\"_blank\\\">Creamy Stuff<\/a><br \/>Kosmetik ohne Verpackung<\/p><p><a rel=\\\"noopener\\\" href=\\\"https:\/\/www.offcut.ch\/\\\" target=\\\"_blank\\\">Offcut\u00a0<\/a><br \/>Die kreative Materialverwertung<\/p><p><a rel=\\\"noopener\\\" href=\\\"https:\/\/gemeinschaftsbank.ch\/finanzierte-projekte\\\" target=\\\"_blank\\\">Gemeinschaftsbank Basel<\/a><br \/>Die Bank will durch die Bankt\u00e4tigkeit, insbesondere durch Kreditvergaben, jene Menschen und Menschengruppen f\u00f6rdern, die einen positiven Beitrag f\u00fcr die Entwicklung von Mensch und Umwelt leisten oder leisten wollen.<br \/>Deshalb sind die Kredite mensch- und umweltf\u00f6rdernd, nachhaltig und \u00f6kologisch. Mehr Informationen dazu direkt \u00fcber die Webseite, siehe auch mein eigenes Projekt dazu.<\/p><p><a rel=\\\"noopener\\\" href=\\\"https:\/\/www.klinik-arlesheim.ch\/\\\" target=\\\"_blank\\\">Klinik Arlesheim<\/a><br \/>Nachhaltige Medizin<\/p><p><a href=\\\"https:\/\/lestoff.ch\/blog\\\">lestoff Hamamt\u00fccher<\/a><br \/>Ich verwende Bio-Hamamt\u00fccher von lestoff in meiner Praxis die brauchen wenig platz beim waschen und sind schnellt trocken<\/p><p><a href=\\\"https:\/\/www.schulthess.ch\/uber-uns\/nachhaltigkeit\/\\\">Schulthess Waschmaschinen<\/a><br \/>Knetkur Waschsalon auf dem Gurtenareal w\u00e4scht &amp; trocknet mit einem Waschturm von Schulthess gebaut in der Schweiz in meinem Heimatkanton ZH (Wolfhausen). <br \/>Hohe Qualit\u00e4t und Langlebigkeit garantiert.<\/p><p><a href=\\\"https:\/\/www.naturtuch.ch\/\\\">Naturtuch<\/a><br \/>Clevere Alternativen f\u00fcr weniger Abfall im Alltag.<\/p><p>\u00a0<\/p>\",\r\n      \"align\": \"middle\",\r\n      \"row\": 3,\r\n      \"col\": 0,\r\n      \"colspan\": 12,\r\n      \"offsetx\": 0,\r\n      \"offsety\": 0,\r\n      \"spaceabove\": 0,\r\n      \"spacebelow\": 0,\r\n      \"yvel\": 1,\r\n      \"push\": 0,\r\n      \"relid\": 5,\r\n      \"frameOverflow\": \"right\"\r\n    }\r\n  ]\r\n}","_links":{"self":[{"href":"https:\/\/knetkur.ch\/de\/wp-json\/wp\/v2\/pages\/10","targetHints":{"allow":["GET"]}}],"collection":[{"href":"https:\/\/knetkur.ch\/de\/wp-json\/wp\/v2\/pages"}],"about":[{"href":"https:\/\/knetkur.ch\/de\/wp-json\/wp\/v2\/types\/page"}],"author":[{"embeddable":true,"href":"https:\/\/knetkur.ch\/de\/wp-json\/wp\/v2\/users\/1"}],"replies":[{"embeddable":true,"href":"https:\/\/knetkur.ch\/de\/wp-json\/wp\/v2\/comments?post=10"}],"version-history":[{"count":0,"href":"https:\/\/knetkur.ch\/de\/wp-json\/wp\/v2\/pages\/10\/revisions"}],"wp:attachment":[{"href":"https:\/\/knetkur.ch\/de\/wp-json\/wp\/v2\/media?parent=10"}],"curies":[{"name":"wp","href":"https:\/\/api.w.org\/{rel}","templated":true}]}}